{"id":376,"date":"2025-03-09T04:23:34","date_gmt":"2025-03-09T03:23:34","guid":{"rendered":"https:\/\/spine-temple.com\/?page_id=376"},"modified":"2025-03-17T04:44:45","modified_gmt":"2025-03-17T03:44:45","slug":"sobre-mi","status":"publish","type":"page","link":"https:\/\/spine-temple.com\/es\/sobre-mi\/","title":{"rendered":"Sobre Mi"},"content":{"rendered":"\t\t<div data-elementor-type=\"wp-page\" data-elementor-id=\"376\" class=\"elementor elementor-376\" data-elementor-post-type=\"page\">\n\t\t\t\t<div class=\"elementor-element elementor-element-315f310 e-grid e-con-boxed e-con e-parent\" data-id=\"315f310\" data-element_type=\"container\" data-settings=\"{&quot;background_background&quot;:&quot;classic&quot;}\">\n\t\t\t\t\t<div class=\"e-con-inner\">\n\t\t<div class=\"elementor-element elementor-element-e981041 e-flex e-con-boxed e-con e-child\" data-id=\"e981041\" data-element_type=\"container\">\n\t\t\t\t\t<div class=\"e-con-inner\">\n\t\t\t\t<div class=\"elementor-element elementor-element-78a0ad4 animated-slow elementor-widget elementor-widget-heading\" data-id=\"78a0ad4\" data-element_type=\"widget\" data-settings=\"{&quot;_animation&quot;:&quot;none&quot;,&quot;_animation_delay&quot;:500}\" data-widget_type=\"heading.default\">\n\t\t\t\t<div class=\"elementor-widget-container\">\n\t\t\t<style>\/*! elementor - v3.21.0 - 08-05-2024 *\/\n.elementor-heading-title{padding:0;margin:0;line-height:1}.elementor-widget-heading .elementor-heading-title[class*=elementor-size-]>a{color:inherit;font-size:inherit;line-height:inherit}.elementor-widget-heading .elementor-heading-title.elementor-size-small{font-size:15px}.elementor-widget-heading .elementor-heading-title.elementor-size-medium{font-size:19px}.elementor-widget-heading .elementor-heading-title.elementor-size-large{font-size:29px}.elementor-widget-heading .elementor-heading-title.elementor-size-xl{font-size:39px}.elementor-widget-heading .elementor-heading-title.elementor-size-xxl{font-size:59px}<\/style><h2 class=\"elementor-heading-title elementor-size-default\">Conoce a Johnny<\/h2>\t\t<\/div>\n\t\t\t\t<\/div>\n\t\t\t\t<div class=\"elementor-element elementor-element-11ae490 elementor-widget elementor-widget-text-editor\" data-id=\"11ae490\" data-element_type=\"widget\" data-widget_type=\"text-editor.default\">\n\t\t\t\t<div class=\"elementor-widget-container\">\n\t\t\t<style>\/*! elementor - v3.21.0 - 08-05-2024 *\/\n.elementor-widget-text-editor.elementor-drop-cap-view-stacked .elementor-drop-cap{background-color:#69727d;color:#fff}.elementor-widget-text-editor.elementor-drop-cap-view-framed .elementor-drop-cap{color:#69727d;border:3px solid;background-color:transparent}.elementor-widget-text-editor:not(.elementor-drop-cap-view-default) .elementor-drop-cap{margin-top:8px}.elementor-widget-text-editor:not(.elementor-drop-cap-view-default) .elementor-drop-cap-letter{width:1em;height:1em}.elementor-widget-text-editor .elementor-drop-cap{float:left;text-align:center;line-height:1;font-size:50px}.elementor-widget-text-editor .elementor-drop-cap-letter{display:inline-block}<\/style>\t\t\t\t<p>Desde joven, todo lo que quer\u00eda ser era jugador de rugby. Persegu\u00ed este sue\u00f1o desde mis a\u00f1os de adolescencia hasta mis primeros veinte a\u00f1os y tuve el privilegio de representar a equipos incre\u00edbles como Harlequins, Cardiff Met y Richmond RFC. Tambi\u00e9n viaj\u00e9 por el mundo jugando rugby sevens para Apache 7s, Penguins RFC y muchos m\u00e1s, jugando junto a y contra jugadores que lograr\u00edan grandes cosas.<\/p><p>Sin embargo, a los 22 a\u00f1os, me di cuenta de que mi sue\u00f1o de jugar rugby de alto nivel se estaba desvaneciendo. Aprovechando una oportunidad, obtuve experiencia laboral en los mercados financieros como corredor de bonos en ICAP plc. Quince a\u00f1os despu\u00e9s, me encontr\u00e9 como Director General en ICAP, dirigiendo dos mesas y liderando dos equipos de corredores. Aunque mi carrera prosperaba, siempre sent\u00ed una llamada m\u00e1s profunda conectada al cuerpo y su potencial.<\/p><p>Siempre me ha fascinado el cuerpo, c\u00f3mo funciona y lo que puede lograr. Durante mi tiempo en la ciudad, le\u00eda e investigaba constantemente diferentes pr\u00e1cticas para mejorar mi rendimiento f\u00edsico. A pesar de equilibrar una carrera de rugby semiprofesional mientras trabajaba, enfrent\u00e9 numerosas lesiones. Esto me llev\u00f3 a explorar una variedad de pr\u00e1cticas para que mi cuerpo respondiera y funcionara de la mejor manera, sin lesiones.<\/p><p>En el verano de 2021, una reuni\u00f3n casual con mi gran amigo Benny Mathew, tambi\u00e9n Spin\u00f3logo, me introdujo al mundo de la Spinolog\u00eda. La filosof\u00eda detr\u00e1s de ella reson\u00f3 conmigo de inmediato. Me cautiv\u00f3 esta pr\u00e1ctica suave que trabajaba con el cuerpo para alinear la columna vertebral, creando un veh\u00edculo mec\u00e1nicamente y emocionalmente eficiente para que los mensajes del cerebro fluyeran libremente a trav\u00e9s del cuerpo y viceversa.<\/p><p>Mi primer pensamiento fue, \u00bfpor qu\u00e9 no conoc\u00eda esto cuando jugaba?<\/p>\t\t\t\t\t\t<\/div>\n\t\t\t\t<\/div>\n\t\t\t\t\t<\/div>\n\t\t\t\t<\/div>\n\t\t<div class=\"elementor-element elementor-element-a957f58 e-flex e-con-boxed e-con e-child\" data-id=\"a957f58\" data-element_type=\"container\">\n\t\t\t\t\t<div class=\"e-con-inner\">\n\t\t\t\t<div class=\"elementor-element elementor-element-a67f263 elementor-widget elementor-widget-image\" data-id=\"a67f263\" data-element_type=\"widget\" data-widget_type=\"image.default\">\n\t\t\t\t<div class=\"elementor-widget-container\">\n\t\t\t<style>\/*! elementor - v3.21.0 - 08-05-2024 *\/\n.elementor-widget-image{text-align:center}.elementor-widget-image a{display:inline-block}.elementor-widget-image a img[src$=\".svg\"]{width:48px}.elementor-widget-image img{vertical-align:middle;display:inline-block}<\/style>\t\t\t\t\t\t\t\t\t\t<img fetchpriority=\"high\" decoding=\"async\" width=\"640\" height=\"928\" src=\"https:\/\/spine-temple.com\/wp-content\/uploads\/2025\/03\/ST_MG_0927-copy-scaled-1-706x1024.jpg\" class=\"attachment-large size-large wp-image-2887\" alt=\"\" srcset=\"https:\/\/spine-temple.com\/wp-content\/uploads\/2025\/03\/ST_MG_0927-copy-scaled-1-706x1024.jpg 706w, https:\/\/spine-temple.com\/wp-content\/uploads\/2025\/03\/ST_MG_0927-copy-scaled-1-207x300.jpg 207w, https:\/\/spine-temple.com\/wp-content\/uploads\/2025\/03\/ST_MG_0927-copy-scaled-1-768x1113.jpg 768w, https:\/\/spine-temple.com\/wp-content\/uploads\/2025\/03\/ST_MG_0927-copy-scaled-1-1060x1536.jpg 1060w, https:\/\/spine-temple.com\/wp-content\/uploads\/2025\/03\/ST_MG_0927-copy-scaled-1-1413x2048.jpg 1413w, https:\/\/spine-temple.com\/wp-content\/uploads\/2025\/03\/ST_MG_0927-copy-scaled-1.jpg 1766w\" sizes=\"(max-width: 640px) 100vw, 640px\" \/>\t\t\t\t\t\t\t\t\t\t\t\t\t<\/div>\n\t\t\t\t<\/div>\n\t\t\t\t\t<\/div>\n\t\t\t\t<\/div>\n\t\t\t\t\t<\/div>\n\t\t\t\t<\/div>\n\t\t<div class=\"elementor-element elementor-element-ab95677 e-grid e-con-boxed e-con e-parent\" data-id=\"ab95677\" data-element_type=\"container\" data-settings=\"{&quot;background_background&quot;:&quot;classic&quot;}\">\n\t\t\t\t\t<div class=\"e-con-inner\">\n\t\t<div class=\"elementor-element elementor-element-73df04d e-flex e-con-boxed e-con e-child\" data-id=\"73df04d\" data-element_type=\"container\">\n\t\t\t\t\t<div class=\"e-con-inner\">\n\t\t\t\t<div class=\"elementor-element elementor-element-048b6fb elementor-widget elementor-widget-image\" data-id=\"048b6fb\" data-element_type=\"widget\" data-widget_type=\"image.default\">\n\t\t\t\t<div class=\"elementor-widget-container\">\n\t\t\t\t\t\t\t\t\t\t\t\t\t<img decoding=\"async\" width=\"960\" height=\"1392\" src=\"https:\/\/spine-temple.com\/wp-content\/uploads\/2025\/03\/About-1.jpg\" class=\"attachment-full size-full wp-image-2889\" alt=\"\" srcset=\"https:\/\/spine-temple.com\/wp-content\/uploads\/2025\/03\/About-1.jpg 960w, https:\/\/spine-temple.com\/wp-content\/uploads\/2025\/03\/About-1-207x300.jpg 207w, https:\/\/spine-temple.com\/wp-content\/uploads\/2025\/03\/About-1-706x1024.jpg 706w, https:\/\/spine-temple.com\/wp-content\/uploads\/2025\/03\/About-1-768x1114.jpg 768w\" sizes=\"(max-width: 960px) 100vw, 960px\" \/>\t\t\t\t\t\t\t\t\t\t\t\t\t<\/div>\n\t\t\t\t<\/div>\n\t\t\t\t\t<\/div>\n\t\t\t\t<\/div>\n\t\t<div class=\"elementor-element elementor-element-216f50a e-flex e-con-boxed e-con e-child\" data-id=\"216f50a\" data-element_type=\"container\">\n\t\t\t\t\t<div class=\"e-con-inner\">\n\t\t\t\t<div class=\"elementor-element elementor-element-0cd81c5 animated-slow elementor-widget elementor-widget-heading\" data-id=\"0cd81c5\" data-element_type=\"widget\" data-settings=\"{&quot;_animation&quot;:&quot;none&quot;,&quot;_animation_delay&quot;:500}\" data-widget_type=\"heading.default\">\n\t\t\t\t<div class=\"elementor-widget-container\">\n\t\t\t<h2 class=\"elementor-heading-title elementor-size-default\">Mi Carrera<\/h2>\t\t<\/div>\n\t\t\t\t<\/div>\n\t\t\t\t<div class=\"elementor-element elementor-element-c116e1d elementor-widget elementor-widget-text-editor\" data-id=\"c116e1d\" data-element_type=\"widget\" data-widget_type=\"text-editor.default\">\n\t\t\t\t<div class=\"elementor-widget-container\">\n\t\t\t\t\t\t\t<p>En el verano de 2021, una reuni\u00f3n casual con mi gran amigo Benny Mathew, tambi\u00e9n Spin\u00f3logo, me introdujo al mundo de la Spinolog\u00eda. La filosof\u00eda detr\u00e1s de ella reson\u00f3 conmigo de inmediato. Me cautiv\u00f3 esta pr\u00e1ctica suave que trabajaba con el cuerpo para alinear la columna vertebral, creando un veh\u00edculo mec\u00e1nicamente y emocionalmente eficiente para que los mensajes del cerebro fluyeran libremente a trav\u00e9s del cuerpo y viceversa. Mi primer pensamiento fue, \u00bfpor qu\u00e9 no conoc\u00eda esto cuando jugaba?<\/p><p>Una semana despu\u00e9s, program\u00e9 una llamada con Enrique Borred\u00e1 L\u00f3pez, Director del Tutorium Europeo de Spinolog\u00eda, para informarme sobre el curso, y tres meses despu\u00e9s, comenc\u00e9 mi camino para convertirme en un Practicante de Spinolog\u00eda completamente formado. Este viaje me ense\u00f1\u00f3 que nunca es demasiado tarde para seguir tu verdadera vocaci\u00f3n. Si crees en el poder del cuerpo y la mente, tambi\u00e9n puedes encontrar un camino que se alinee con tus pasiones y prop\u00f3sito.<\/p><p>Desde que me gradu\u00e9 y enfoqu\u00e9 toda mi atenci\u00f3n en la Spinolog\u00eda, tambi\u00e9n he descubierto un profundo inter\u00e9s en la respiraci\u00f3n y el incre\u00edble poder que posee para complementar la Spinolog\u00eda. Juntas, estas pr\u00e1cticas trabajan de la mano para desbloquear y mejorar el rendimiento humano. Esto es algo a lo que todos debemos aspirar, sin importar nuestro camino en la vida. Al empujar los l\u00edmites de lo que podemos lograr, tanto f\u00edsica como mentalmente, podemos transformarnos verdaderamente y alcanzar nuevas alturas. Abraza el viaje y deja que te inspire a elevar cada aspecto de tu vida.<\/p><p>Mi nombre es Johnny Wehbe. Soy Spin\u00f3logo e instructor de t\u00e9cnicas de respiraci\u00f3n.<\/p>\t\t\t\t\t\t<\/div>\n\t\t\t\t<\/div>\n\t\t\t\t\t<\/div>\n\t\t\t\t<\/div>\n\t\t\t\t\t<\/div>\n\t\t\t\t<\/div>\n\t\t\t\t<\/div>\n\t\t","protected":false},"excerpt":{"rendered":"<p>Conoce a Johnny Desde joven, todo lo que quer\u00eda ser era jugador de rugby. Persegu\u00ed este sue\u00f1o desde mis a\u00f1os de adolescencia hasta mis primeros veinte a\u00f1os y tuve el privilegio de representar a equipos incre\u00edbles como Harlequins, Cardiff Met y Richmond RFC. Tambi\u00e9n viaj\u00e9 por el mundo jugando rugby sevens para Apache 7s, Penguins RFC y muchos m\u00e1s, jugando junto a y contra jugadores que lograr\u00edan grandes cosas. Sin embargo, a los 22 a\u00f1os, me di cuenta de que mi sue\u00f1o de jugar rugby de alto nivel se estaba desvaneciendo. Aprovechando una oportunidad, obtuve experiencia laboral en los mercados financieros como corredor de bonos en ICAP plc. Quince a\u00f1os despu\u00e9s, me encontr\u00e9 como Director General en ICAP, dirigiendo dos mesas y liderando dos equipos de corredores. Aunque mi carrera prosperaba, siempre sent\u00ed una llamada m\u00e1s profunda conectada al cuerpo y su potencial. Siempre me ha fascinado el cuerpo, c\u00f3mo funciona y lo que puede lograr. Durante mi tiempo en la ciudad, le\u00eda e investigaba constantemente diferentes pr\u00e1cticas para mejorar mi rendimiento f\u00edsico. A pesar de equilibrar una carrera de rugby semiprofesional mientras trabajaba, enfrent\u00e9 numerosas lesiones. Esto me llev\u00f3 a explorar una variedad de pr\u00e1cticas para que mi cuerpo respondiera y funcionara de la mejor manera, sin lesiones. En el verano de 2021, una reuni\u00f3n casual con mi gran amigo Benny Mathew, tambi\u00e9n Spin\u00f3logo, me introdujo al mundo de la Spinolog\u00eda. La filosof\u00eda detr\u00e1s de ella reson\u00f3 conmigo de inmediato. Me cautiv\u00f3 esta pr\u00e1ctica suave que trabajaba con el cuerpo para alinear la columna vertebral, creando un veh\u00edculo mec\u00e1nicamente y emocionalmente eficiente para que los mensajes del cerebro fluyeran libremente a trav\u00e9s del cuerpo y viceversa. Mi primer pensamiento fue, \u00bfpor qu\u00e9 no conoc\u00eda esto cuando jugaba? Mi Carrera En el verano de 2021, una reuni\u00f3n casual con mi gran amigo Benny Mathew, tambi\u00e9n Spin\u00f3logo, me introdujo al mundo de la Spinolog\u00eda. La filosof\u00eda detr\u00e1s de ella reson\u00f3 conmigo de inmediato. Me cautiv\u00f3 esta pr\u00e1ctica suave que trabajaba con el cuerpo para alinear la columna vertebral, creando un veh\u00edculo mec\u00e1nicamente y emocionalmente eficiente para que los mensajes del cerebro fluyeran libremente a trav\u00e9s del cuerpo y viceversa. Mi primer pensamiento fue, \u00bfpor qu\u00e9 no conoc\u00eda esto cuando jugaba? Una semana despu\u00e9s, program\u00e9 una llamada con Enrique Borred\u00e1 L\u00f3pez, Director del Tutorium Europeo de Spinolog\u00eda, para informarme sobre el curso, y tres meses despu\u00e9s, comenc\u00e9 mi camino para convertirme en un Practicante de Spinolog\u00eda completamente formado. Este viaje me ense\u00f1\u00f3 que nunca es demasiado tarde para seguir tu verdadera vocaci\u00f3n. Si crees en el poder del cuerpo y la mente, tambi\u00e9n puedes encontrar un camino que se alinee con tus pasiones y prop\u00f3sito. Desde que me gradu\u00e9 y enfoqu\u00e9 toda mi atenci\u00f3n en la Spinolog\u00eda, tambi\u00e9n he descubierto un profundo inter\u00e9s en la respiraci\u00f3n y el incre\u00edble poder que posee para complementar la Spinolog\u00eda. Juntas, estas pr\u00e1cticas trabajan de la mano para desbloquear y mejorar el rendimiento humano. Esto es algo a lo que todos debemos aspirar, sin importar nuestro camino en la vida. Al empujar los l\u00edmites de lo que podemos lograr, tanto f\u00edsica como mentalmente, podemos transformarnos verdaderamente y alcanzar nuevas alturas. Abraza el viaje y deja que te inspire a elevar cada aspecto de tu vida. Mi nombre es Johnny Wehbe. Soy Spin\u00f3logo e instructor de t\u00e9cnicas de respiraci\u00f3n.<\/p>\n","protected":false},"author":1,"featured_media":0,"parent":0,"menu_order":0,"comment_status":"closed","ping_status":"closed","template":"","meta":{"_joinchat":[],"footnotes":""},"aioseo_notices":[],"_links":{"self":[{"href":"https:\/\/spine-temple.com\/es\/wp-json\/wp\/v2\/pages\/376"}],"collection":[{"href":"https:\/\/spine-temple.com\/es\/wp-json\/wp\/v2\/pages"}],"about":[{"href":"https:\/\/spine-temple.com\/es\/wp-json\/wp\/v2\/types\/page"}],"author":[{"embeddable":true,"href":"https:\/\/spine-temple.com\/es\/wp-json\/wp\/v2\/users\/1"}],"replies":[{"embeddable":true,"href":"https:\/\/spine-temple.com\/es\/wp-json\/wp\/v2\/comments?post=376"}],"version-history":[{"count":86,"href":"https:\/\/spine-temple.com\/es\/wp-json\/wp\/v2\/pages\/376\/revisions"}],"predecessor-version":[{"id":2893,"href":"https:\/\/spine-temple.com\/es\/wp-json\/wp\/v2\/pages\/376\/revisions\/2893"}],"wp:attachment":[{"href":"https:\/\/spine-temple.com\/es\/wp-json\/wp\/v2\/media?parent=376"}],"curies":[{"name":"wp","href":"https:\/\/api.w.org\/{rel}","templated":true}]}}